{"id":696,"date":"2024-06-09T01:01:17","date_gmt":"2024-06-09T01:01:17","guid":{"rendered":"https:\/\/khachsanbencangaotien.com\/?page_id=696"},"modified":"2024-06-30T07:06:43","modified_gmt":"2024-06-30T07:06:43","slug":"rules","status":"publish","type":"page","link":"https:\/\/khachsanbencangaotien.com\/en\/rules\/","title":{"rendered":"Rules"},"content":{"rendered":"<p>[et_pb_section fb_built=&#8221;1&#8243; disabled_on=&#8221;on|off|off&#8221; admin_label=&#8221;About the hotel&#8221; _builder_version=&#8221;4.21.2&#8243; _module_preset=&#8221;default&#8221; background_image=&#8221;https:\/\/khachsanbencangaotien.com\/wp-content\/uploads\/2024\/06\/IMG_3755-scaled.jpg&#8221; saved_tabs=&#8221;all&#8221; global_colors_info=&#8221;{}&#8221;][et_pb_row _builder_version=&#8221;4.21.2&#8243; _module_preset=&#8221;default&#8221; global_colors_info=&#8221;{}&#8221;][et_pb_column type=&#8221;4_4&#8243; _builder_version=&#8221;4.21.2&#8243; _module_preset=&#8221;default&#8221; global_colors_info=&#8221;{}&#8221;][\/et_pb_column][\/et_pb_row][et_pb_row _builder_version=&#8221;4.21.2&#8243; _module_preset=&#8221;default&#8221; global_colors_info=&#8221;{}&#8221;][et_pb_column type=&#8221;4_4&#8243; _builder_version=&#8221;4.21.2&#8243; _module_preset=&#8221;default&#8221; global_colors_info=&#8221;{}&#8221;][et_pb_text _builder_version=&#8221;4.21.2&#8243; _module_preset=&#8221;default&#8221; text_font=&#8221;||||||||&#8221; text_text_color=&#8221;#FFFFFF&#8221; text_font_size=&#8221;50px&#8221; custom_margin=&#8221;||30px||false|false&#8221; text_text_shadow_style=&#8221;preset1&#8243; global_colors_info=&#8221;{}&#8221;]<\/p>\n<p style=\"text-align: center;\">Hotel regulations<\/p>\n<p>[\/et_pb_text][\/et_pb_column][\/et_pb_row][\/et_pb_section][et_pb_section fb_built=&#8221;1&#8243; disabled_on=&#8221;off|on|on&#8221; admin_label=&#8221;nqHeadermobile&#8221; _builder_version=&#8221;4.21.2&#8243; _module_preset=&#8221;default&#8221; background_image=&#8221;https:\/\/khachsanbencangaotien.com\/wp-content\/uploads\/2024\/06\/IMG_3755-scaled.jpg&#8221; saved_tabs=&#8221;all&#8221; global_colors_info=&#8221;{}&#8221;][et_pb_row _builder_version=&#8221;4.21.2&#8243; _module_preset=&#8221;default&#8221; global_colors_info=&#8221;{}&#8221;][et_pb_column type=&#8221;4_4&#8243; _builder_version=&#8221;4.21.2&#8243; _module_preset=&#8221;default&#8221; global_colors_info=&#8221;{}&#8221;][\/et_pb_column][\/et_pb_row][et_pb_row _builder_version=&#8221;4.21.2&#8243; _module_preset=&#8221;default&#8221; global_colors_info=&#8221;{}&#8221;][et_pb_column type=&#8221;4_4&#8243; _builder_version=&#8221;4.21.2&#8243; _module_preset=&#8221;default&#8221; global_colors_info=&#8221;{}&#8221;][et_pb_text _builder_version=&#8221;4.21.2&#8243; _module_preset=&#8221;default&#8221; text_font=&#8221;||||||||&#8221; text_text_color=&#8221;#FFFFFF&#8221; text_font_size=&#8221;50px&#8221; text_line_height=&#8221;1.6em&#8221; custom_margin=&#8221;||30px||false|false&#8221; text_text_shadow_style=&#8221;preset1&#8243; global_colors_info=&#8221;{}&#8221;]<\/p>\n<p style=\"text-align: center;\">Hotel regulations<\/p>\n<p>[\/et_pb_text][\/et_pb_column][\/et_pb_row][\/et_pb_section][et_pb_section fb_built=&#8221;1&#8243; _builder_version=&#8221;4.21.2&#8243; _module_preset=&#8221;default&#8221; background_enable_mask_style=&#8221;on&#8221; background_mask_style=&#8221;diagonal&#8221; background_mask_color=&#8221;#f0f0f0&#8243; global_colors_info=&#8221;{}&#8221;][et_pb_row _builder_version=&#8221;4.21.2&#8243; _module_preset=&#8221;default&#8221; global_colors_info=&#8221;{}&#8221;][et_pb_column type=&#8221;4_4&#8243; _builder_version=&#8221;4.21.2&#8243; _module_preset=&#8221;default&#8221; global_colors_info=&#8221;{}&#8221;][et_pb_text admin_label=&#8221;D\u00f2ng Ch\u1eef&#8221; _builder_version=&#8221;4.21.2&#8243; _module_preset=&#8221;default&#8221; text_font_size=&#8221;20px&#8221; hover_enabled=&#8221;0&#8243; global_colors_info=&#8221;{}&#8221; text_font=&#8221;Times New Roman||||||||&#8221; sticky_enabled=&#8221;0&#8243;]<\/p>\n<p class=\"p1\"><b>1.<\/b> Please present your passport or national ID card at the reception desk for check-in procedures.<\/p>\n<p class=\"p1\"><b>2.<\/b> Smoking (including electronic cigarettes) is only permitted in designated areas with signage and\/or outside on room balconies. Any violation will result in the guest being charged for restoration, deep cleaning, and deodorizing of affected equipment and furnishings.<\/p>\n<p class=\"p1\"><b>3<i>.<\/i><\/b><i> <\/i>Pets are not allowed in the hotel premises.<span class=\"Apple-tab-span\"> <\/span><span class=\"Apple-tab-span\"> <\/span> <span class=\"Apple-converted-space\">\u00a0 \u00a0 \u00a0 \u00a0 \u00a0 \u00a0 \u00a0<\/span><\/p>\n<p class=\"p1\"><b>4.<\/b> Behavior in public areas: Respect the principle of serving those who arrive first; Prioritize pregnant women, persons with disabilities, elderly, and frail individuals; Refrain from causing noise or shouting; Do not place feet or shoes on chairs and avoid other uncivilized behaviors in public areas; Supervise children in public areas.<\/p>\n<p class=\"p1\"><b>5.<\/b> Do not bring fruits, strong-smelling foods (such as durian, jackfruit, fermented fish sauces, etc.) into the hotel rooms.<\/p>\n<p class=\"p1\"><b>6.<\/b> The hotel is only responsible for items or money deposited at the front desk.<\/p>\n<p class=\"p1\"><b>7<i>.<\/i><\/b> Do not bring firearms, explosives, hazardous substances, addictive substances, pets, or strongly odorous foods into the guest rooms. Cooking and laundry are not allowed in the guest rooms.<\/p>\n<p class=\"p1\"><b>8.<\/b> Do not rearrange or move furniture within the room or between rooms. In case of loss or damage to property or items due to negligence, guests will be liable to compensate 100% of the value.<\/p>\n<p class=\"p1\"><b>9.<\/b> Please do not change rooms or add additional guests to the room without prior registration with the reception.<\/p>\n<p class=\"p1\"><b>10.<\/b> If you have visitors, please contact the reception desk to arrange a meeting place.<\/p>\n<p class=\"p1\"><b>11.<\/b> Absolutely no illegal activities are permitted within the hotel premises, including but not limited to gambling, prostitution, drug use, and physical altercations. Guests are fully responsible for complying with Vietnamese laws and hotel policies. Any violations will be dealt with according to the law and hotel regulations.<\/p>\n<p class=\"p1\"><b>12.<\/b> When leaving the room, please remove your key card from the power slot and leave it at the front desk. Electricity in the room will automatically be cut off once the door is closed.<\/p>\n<p class=\"p1\"><b>13.<\/b> f you detect a fire in the hotel, please urgently inform the nearest person and calmly follow the fire prevention instructions.<\/p>\n<p class=\"p1\"><b>14.<\/b> Noise regulations: After 10:00 PM, guests are not allowed to play loud TV or music using speakers, or speak loudly to ensure general order. Noise is considered excessive if it disturbs or inconveniences other hotel guests.<\/p>\n<p class=\"p1\"><b>15.<\/b> Check-out time is 12:30 PM. Late check-out will incur an additional fee. Please contact the reception if necessary.<\/p>\n<p class=\"p1\"><b>16.<\/b> Before leaving the hotel, please settle all invoices and return the room key to the reception.<\/p>\n<p class=\"p1\"><b>Have a pleasant stay!<\/b><\/p>\n<p>[\/et_pb_text][\/et_pb_column][\/et_pb_row][\/et_pb_section][et_pb_section fb_built=&#8221;1&#8243; admin_label=&#8221;Footer&#8221; _builder_version=&#8221;4.21.2&#8243; _module_preset=&#8221;default&#8221; background_color=&#8221;#008b99&#8243; background_image=&#8221;https:\/\/khachsanbencangaotien.com\/wp-content\/uploads\/2024\/03\/aegean-footer-2.jpeg&#8221; global_module=&#8221;702&#8243; saved_tabs=&#8221;all&#8221; global_colors_info=&#8221;{}&#8221;][et_pb_row column_structure=&#8221;1_3,2_3&#8243; _builder_version=&#8221;4.21.2&#8243; _module_preset=&#8221;default&#8221; global_colors_info=&#8221;{}&#8221;][et_pb_column type=&#8221;1_3&#8243; _builder_version=&#8221;4.21.2&#8243; _module_preset=&#8221;default&#8221; global_colors_info=&#8221;{}&#8221;][et_pb_image src=&#8221;https:\/\/khachsanbencangaotien.com\/wp-content\/uploads\/2024\/03\/Vietnamese.png&#8221; title_text=&#8221;Vietnamese&#8221; _builder_version=&#8221;4.21.2&#8243; _module_preset=&#8221;default&#8221; custom_margin=&#8221;auto|auto|auto|auto|true|true&#8221; custom_padding=&#8221;||||true|false&#8221; global_colors_info=&#8221;{}&#8221;][\/et_pb_image][\/et_pb_column][et_pb_column type=&#8221;2_3&#8243; admin_label=&#8221;Column&#8221; _builder_version=&#8221;4.21.2&#8243; _module_preset=&#8221;default&#8221; global_colors_info=&#8221;{}&#8221;][et_pb_text admin_label=&#8221;Text&#8221; _builder_version=&#8221;4.21.2&#8243; _module_preset=&#8221;default&#8221; text_text_color=&#8221;#008b99&#8243; text_font_size=&#8221;30px&#8221; global_colors_info=&#8221;{}&#8221;]<\/p>\n<p>Contact us<\/p>\n<p>[\/et_pb_text][et_pb_text admin_label=&#8221;Text&#8221; _builder_version=&#8221;4.21.2&#8243; _module_preset=&#8221;default&#8221; text_font=&#8221;||||||||&#8221; text_text_color=&#8221;#000000&#8243; global_colors_info=&#8221;{}&#8221;]<\/p>\n<h5 style=\"color: #008b99; font-size: 20px;\">AO TIEN HARBOR HOTEL<\/h5>\n<p style=\"color: #ff8b0b; font-size: 16px;\">We are delighted to welcome and serve our esteemed guests at our hotel in the coming days.<\/p>\n<p>[\/et_pb_text][et_pb_text admin_label=&#8221;Text&#8221; _builder_version=&#8221;4.21.2&#8243; _module_preset=&#8221;default&#8221; text_font=&#8221;||||||||&#8221; text_font_size=&#8221;16px&#8221; global_colors_info=&#8221;{}&#8221;]<span><span style=\"color: #008b99;\">Phone: <\/span> <span style=\"color: #ff8b0b;\">+84 (0) 203 3933 123<\/span><span><\/span><\/span>[\/et_pb_text][et_pb_text admin_label=&#8221;Text&#8221; _builder_version=&#8221;4.21.2&#8243; _module_preset=&#8221;default&#8221; text_font=&#8221;||||||||&#8221; text_font_size=&#8221;16px&#8221; global_colors_info=&#8221;{}&#8221;]<span><span style=\"color: #008b99;\">Booking Department Hotline: <\/span> <span style=\"color: #ff8b0b;\">094 743 3123 &#8211; Mr. Trung Hi\u1ebfu<\/span><span><\/span><\/span>[\/et_pb_text][et_pb_text admin_label=&#8221;Text&#8221; _builder_version=&#8221;4.21.2&#8243; _module_preset=&#8221;default&#8221; text_font=&#8221;||||||||&#8221; text_font_size=&#8221;16px&#8221; global_colors_info=&#8221;{}&#8221;]<span><span style=\"color: #008b99;\">Email : <\/span> <span style=\"color: #ff8b0b;\">aotienhotel@outlook.com<\/span><span><\/span><\/span>[\/et_pb_text][et_pb_text admin_label=&#8221;Text&#8221; _builder_version=&#8221;4.21.2&#8243; _module_preset=&#8221;default&#8221; text_font=&#8221;||||||||&#8221; text_font_size=&#8221;16px&#8221; global_colors_info=&#8221;{}&#8221;]<span><span style=\"color: #008b99;\">Address:\u00a0 <\/span><span style=\"color: #ff8b0b;\">Ao Ti\u00ean Urban Area, Thon 5, Ha Long Commune, Van Don, Quang Ninh<\/span><span><\/span><\/span>[\/et_pb_text][\/et_pb_column][\/et_pb_row][\/et_pb_section]<\/p>","protected":false},"excerpt":{"rendered":"<p>N\u1ed9i quy kh\u00e1ch s\u1ea1nN\u1ed9i quy kh\u00e1ch s\u1ea1n1. Qu\u00fd kh\u00e1ch vui l\u00f2ng xu\u1ea5t tr\u00ecnh h\u1ed9 chi\u1ebfu ho\u1eb7c ch\u1ee9ng minh nh\u00e2n d\u00e2n \u0111\u1ec3 l\u00e0m th\u1ee7 t\u1ee5c nh\u1eadn ph\u00f2ng t\u1ea1i L\u1ec5 t\u00e2n. 2. H\u00fat thu\u1ed1c (bao g\u1ed3m c\u1ea3 thu\u1ed1c l\u00e1 \u0111i\u1ec7n t\u1eed) ch\u1ec9 \u0111\u01b0\u1ee3c cho ph\u00e9p t\u1ea1i c\u00e1c n\u01a1i c\u00f3 bi\u1ec3n hi\u1ec7u cho ph\u00e9p v\u00e0\/ho\u1eb7c \u1edf b\u00ean ngo\u00e0i [&hellip;]<\/p>","protected":false},"author":1,"featured_media":0,"parent":0,"menu_order":0,"comment_status":"closed","ping_status":"closed","template":"","meta":{"_et_pb_use_builder":"on","_et_pb_old_content":"","_et_gb_content_width":"","footnotes":""},"class_list":["post-696","page","type-page","status-publish","hentry"],"_links":{"self":[{"href":"https:\/\/khachsanbencangaotien.com\/en\/wp-json\/wp\/v2\/pages\/696","targetHints":{"allow":["GET"]}}],"collection":[{"href":"https:\/\/khachsanbencangaotien.com\/en\/wp-json\/wp\/v2\/pages"}],"about":[{"href":"https:\/\/khachsanbencangaotien.com\/en\/wp-json\/wp\/v2\/types\/page"}],"author":[{"embeddable":true,"href":"https:\/\/khachsanbencangaotien.com\/en\/wp-json\/wp\/v2\/users\/1"}],"replies":[{"embeddable":true,"href":"https:\/\/khachsanbencangaotien.com\/en\/wp-json\/wp\/v2\/comments?post=696"}],"version-history":[{"count":8,"href":"https:\/\/khachsanbencangaotien.com\/en\/wp-json\/wp\/v2\/pages\/696\/revisions"}],"predecessor-version":[{"id":899,"href":"https:\/\/khachsanbencangaotien.com\/en\/wp-json\/wp\/v2\/pages\/696\/revisions\/899"}],"wp:attachment":[{"href":"https:\/\/khachsanbencangaotien.com\/en\/wp-json\/wp\/v2\/media?parent=696"}],"curies":[{"name":"wp","href":"https:\/\/api.w.org\/{rel}","templated":true}]}}